{"id":30,"date":"2022-12-24T18:41:59","date_gmt":"2022-12-24T18:41:59","guid":{"rendered":"https:\/\/festivaldescubierto.com\/?page_id=30"},"modified":"2025-01-23T19:28:48","modified_gmt":"2025-01-23T19:28:48","slug":"programacion","status":"publish","type":"page","link":"https:\/\/festivaldescubierto.com\/index.php\/programacion\/","title":{"rendered":"Programaci\u00f3n"},"content":{"rendered":"\t\t<div data-elementor-type=\"wp-page\" data-elementor-id=\"30\" class=\"elementor elementor-30\" data-elementor-post-type=\"page\">\n\t\t\t\t<div class=\"elementor-element elementor-element-5275434b e-flex e-con-boxed e-con e-parent\" data-id=\"5275434b\" data-element_type=\"container\" data-e-type=\"container\">\n\t\t\t\t\t<div class=\"e-con-inner\">\n\t\t<div class=\"elementor-element elementor-element-3837d8a9 e-con-full e-flex e-con e-child\" data-id=\"3837d8a9\" data-element_type=\"container\" data-e-type=\"container\">\n\t\t\t\t<div class=\"elementor-element elementor-element-3fa0a3b8 elementor-widget elementor-widget-spacer\" data-id=\"3fa0a3b8\" data-element_type=\"widget\" data-e-type=\"widget\" data-widget_type=\"spacer.default\">\n\t\t\t\t<div class=\"elementor-widget-container\">\n\t\t\t\t\t\t\t<div class=\"elementor-spacer\">\n\t\t\t<div class=\"elementor-spacer-inner\"><\/div>\n\t\t<\/div>\n\t\t\t\t\t\t<\/div>\n\t\t\t\t<\/div>\n\t\t\t\t<div class=\"elementor-element elementor-element-f2c1d6a elementor-widget elementor-widget-heading\" data-id=\"f2c1d6a\" data-element_type=\"widget\" data-e-type=\"widget\" data-widget_type=\"heading.default\">\n\t\t\t\t<div class=\"elementor-widget-container\">\n\t\t\t\t\t<h3 class=\"elementor-heading-title elementor-size-default\">III  Festival de cine descubierto<\/h3>\t\t\t\t<\/div>\n\t\t\t\t<\/div>\n\t\t\t\t<div class=\"elementor-element elementor-element-afc94ff elementor-widget elementor-widget-heading\" data-id=\"afc94ff\" data-element_type=\"widget\" data-e-type=\"widget\" data-widget_type=\"heading.default\">\n\t\t\t\t<div class=\"elementor-widget-container\">\n\t\t\t\t\t<h2 class=\"elementor-heading-title elementor-size-default\">Programaci\u00f3n<\/h2>\t\t\t\t<\/div>\n\t\t\t\t<\/div>\n\t\t<div class=\"elementor-element elementor-element-22540742 e-flex e-con-boxed e-con e-child\" data-id=\"22540742\" data-element_type=\"container\" data-e-type=\"container\">\n\t\t\t\t\t<div class=\"e-con-inner\">\n\t\t\t\t<div class=\"elementor-element elementor-element-42da434d elementor-widget elementor-widget-text-editor\" data-id=\"42da434d\" data-element_type=\"widget\" data-e-type=\"widget\" data-widget_type=\"text-editor.default\">\n\t\t\t\t<div class=\"elementor-widget-container\">\n\t\t\t\t\t\t\t\t\t<p>A trav\u00e9s de nuestra programaci\u00f3n, Descubierto ofrece un espacio donde el cine fant\u00e1stico transite a trav\u00e9s de salas de exhibici\u00f3n descentralizando el cine en la regi\u00f3n La Libertad. Con el fin de promover el audiovisual, tambi\u00e9n se contar\u00e1 con oferta de actividades culturales relacionadas al cine y al g\u00e9nero fant\u00e1stico. Adem\u00e1s, como parte de nuestro compromiso de fomentar una actitud participativa de la ciudadan\u00eda con el cine, proponemos una muestra de cine local.<\/p>\t\t\t\t\t\t\t\t<\/div>\n\t\t\t\t<\/div>\n\t\t\t\t\t<\/div>\n\t\t\t\t<\/div>\n\t\t\t\t<\/div>\n\t\t<div class=\"elementor-element elementor-element-2da7ab84 e-con-full e-flex e-con e-child\" data-id=\"2da7ab84\" data-element_type=\"container\" data-e-type=\"container\">\n\t\t\t\t<div class=\"elementor-element elementor-element-7e700b27 elementor-align-center elementor-tablet-align-center elementor-mobile-align-center elementor-widget elementor-widget-button\" data-id=\"7e700b27\" data-element_type=\"widget\" data-e-type=\"widget\" data-widget_type=\"button.default\">\n\t\t\t\t<div class=\"elementor-widget-container\">\n\t\t\t\t\t\t\t\t\t<div class=\"elementor-button-wrapper\">\n\t\t\t\t\t<a class=\"elementor-button elementor-button-link elementor-size-md elementor-animation-shrink\" href=\"https:\/\/festivaldescubierto.com\/index.php\/edicion\/\">\n\t\t\t\t\t\t<span class=\"elementor-button-content-wrapper\">\n\t\t\t\t\t\t<span class=\"elementor-button-icon\">\n\t\t\t\t\t\t\t<\/span>\n\t\t\t\t\t\t\t\t\t<span class=\"elementor-button-text\">CONOCE M\u00c1S<\/span>\n\t\t\t\t\t<\/span>\n\t\t\t\t\t<\/a>\n\t\t\t\t<\/div>\n\t\t\t\t\t\t\t\t<\/div>\n\t\t\t\t<\/div>\n\t\t\t\t<\/div>\n\t\t<div class=\"elementor-element elementor-element-39981ad5 e-con-full e-flex e-con e-child\" data-id=\"39981ad5\" data-element_type=\"container\" data-e-type=\"container\">\n\t\t\t\t<div class=\"elementor-element elementor-element-5ed2d034 elementor-align-center elementor-tablet-align-center elementor-mobile-align-center elementor-widget elementor-widget-button\" data-id=\"5ed2d034\" data-element_type=\"widget\" data-e-type=\"widget\" data-widget_type=\"button.default\">\n\t\t\t\t<div class=\"elementor-widget-container\">\n\t\t\t\t\t\t\t\t\t<div class=\"elementor-button-wrapper\">\n\t\t\t\t\t<a class=\"elementor-button elementor-button-link elementor-size-md elementor-animation-shrink\" href=\"https:\/\/festivaldescubierto.com\/index.php\/convocatoria\/\">\n\t\t\t\t\t\t<span class=\"elementor-button-content-wrapper\">\n\t\t\t\t\t\t<span class=\"elementor-button-icon\">\n\t\t\t\t\t\t\t<\/span>\n\t\t\t\t\t\t\t\t\t<span class=\"elementor-button-text\">PARTICIPA<\/span>\n\t\t\t\t\t<\/span>\n\t\t\t\t\t<\/a>\n\t\t\t\t<\/div>\n\t\t\t\t\t\t\t\t<\/div>\n\t\t\t\t<\/div>\n\t\t\t\t<div class=\"elementor-element elementor-element-5b811a9f elementor-widget elementor-widget-spacer\" data-id=\"5b811a9f\" data-element_type=\"widget\" data-e-type=\"widget\" data-widget_type=\"spacer.default\">\n\t\t\t\t<div class=\"elementor-widget-container\">\n\t\t\t\t\t\t\t<div class=\"elementor-spacer\">\n\t\t\t<div class=\"elementor-spacer-inner\"><\/div>\n\t\t<\/div>\n\t\t\t\t\t\t<\/div>\n\t\t\t\t<\/div>\n\t\t\t\t<\/div>\n\t\t\t\t\t<\/div>\n\t\t\t\t<\/div>\n\t\t<div class=\"elementor-element elementor-element-e036e01 e-flex e-con-boxed e-con e-parent\" data-id=\"e036e01\" data-element_type=\"container\" data-e-type=\"container\" data-settings=\"{&quot;background_background&quot;:&quot;classic&quot;}\">\n\t\t\t\t\t<div class=\"e-con-inner\">\n\t\t<div class=\"elementor-element elementor-element-687e9d4 e-con-full e-flex e-con e-child\" data-id=\"687e9d4\" data-element_type=\"container\" data-e-type=\"container\">\n\t\t\t\t<div class=\"elementor-element elementor-element-b51c3d9 elementor-widget elementor-widget-heading\" data-id=\"b51c3d9\" data-element_type=\"widget\" data-e-type=\"widget\" data-widget_type=\"heading.default\">\n\t\t\t\t<div class=\"elementor-widget-container\">\n\t\t\t\t\t<h2 class=\"elementor-heading-title elementor-size-default\"><a href=\"https:\/\/festivaldescubierto.com\/index.php\/programacion\/largometrajescompetencia\/\">LARGOMETRAJES\nEN COMPETENCIA<\/a><\/h2>\t\t\t\t<\/div>\n\t\t\t\t<\/div>\n\t\t\t\t<\/div>\n\t\t<div class=\"elementor-element elementor-element-91e6305 e-con-full e-flex e-con e-child\" data-id=\"91e6305\" data-element_type=\"container\" data-e-type=\"container\">\n\t\t\t\t<div class=\"elementor-element elementor-element-9247382 elementor-widget elementor-widget-heading\" data-id=\"9247382\" data-element_type=\"widget\" data-e-type=\"widget\" data-widget_type=\"heading.default\">\n\t\t\t\t<div class=\"elementor-widget-container\">\n\t\t\t\t\t<h2 class=\"elementor-heading-title elementor-size-default\"><a href=\"https:\/\/festivaldescubierto.com\/index.php\/programacion\/otrosmundosshorts\/\">OTROS MUNDOS<\/a><\/h2>\t\t\t\t<\/div>\n\t\t\t\t<\/div>\n\t\t\t\t<\/div>\n\t\t<div class=\"elementor-element elementor-element-932e646 e-con-full e-flex e-con e-child\" data-id=\"932e646\" data-element_type=\"container\" data-e-type=\"container\">\n\t\t\t\t<div class=\"elementor-element elementor-element-07c1a54 elementor-widget elementor-widget-heading\" data-id=\"07c1a54\" data-element_type=\"widget\" data-e-type=\"widget\" data-widget_type=\"heading.default\">\n\t\t\t\t<div class=\"elementor-widget-container\">\n\t\t\t\t\t<h2 class=\"elementor-heading-title elementor-size-default\"><a href=\"https:\/\/festivaldescubierto.com\/index.php\/programacion\/observatorium-shorts\/\">OBSERVATORIUM<\/a><\/h2>\t\t\t\t<\/div>\n\t\t\t\t<\/div>\n\t\t\t\t<\/div>\n\t\t\t\t\t<\/div>\n\t\t\t\t<\/div>\n\t\t<div class=\"elementor-element elementor-element-f8807ca e-flex e-con-boxed e-con e-parent\" data-id=\"f8807ca\" data-element_type=\"container\" data-e-type=\"container\" data-settings=\"{&quot;background_background&quot;:&quot;classic&quot;}\">\n\t\t\t\t\t<div class=\"e-con-inner\">\n\t\t<div class=\"elementor-element elementor-element-6c2498d e-con-full e-flex e-con e-child\" data-id=\"6c2498d\" data-element_type=\"container\" data-e-type=\"container\">\n\t\t\t\t<div class=\"elementor-element elementor-element-0b0970e elementor-widget elementor-widget-heading\" data-id=\"0b0970e\" data-element_type=\"widget\" data-e-type=\"widget\" data-widget_type=\"heading.default\">\n\t\t\t\t<div class=\"elementor-widget-container\">\n\t\t\t\t\t<h2 class=\"elementor-heading-title elementor-size-default\"><a href=\"https:\/\/festivaldescubierto.com\/index.php\/programacion\/animacion\/\" rel=\"nofollow\">ANIMACI\u00d3N<\/a><\/h2>\t\t\t\t<\/div>\n\t\t\t\t<\/div>\n\t\t\t\t<\/div>\n\t\t<div class=\"elementor-element elementor-element-3783551 e-con-full e-flex e-con e-child\" data-id=\"3783551\" data-element_type=\"container\" data-e-type=\"container\">\n\t\t\t\t<div class=\"elementor-element elementor-element-7a43dff elementor-widget elementor-widget-heading\" data-id=\"7a43dff\" data-element_type=\"widget\" data-e-type=\"widget\" data-widget_type=\"heading.default\">\n\t\t\t\t<div class=\"elementor-widget-container\">\n\t\t\t\t\t<h2 class=\"elementor-heading-title elementor-size-default\"><a href=\"https:\/\/festivaldescubierto.com\/index.php\/programacion\/peru-fantastico\/\">PER\u00da FANT\u00c1STICO<\/a><\/h2>\t\t\t\t<\/div>\n\t\t\t\t<\/div>\n\t\t\t\t<\/div>\n\t\t<div class=\"elementor-element elementor-element-3aca459 e-con-full e-flex e-con e-child\" data-id=\"3aca459\" data-element_type=\"container\" data-e-type=\"container\">\n\t\t\t\t<div class=\"elementor-element elementor-element-7cc4199 elementor-widget elementor-widget-heading\" data-id=\"7cc4199\" data-element_type=\"widget\" data-e-type=\"widget\" data-widget_type=\"heading.default\">\n\t\t\t\t<div class=\"elementor-widget-container\">\n\t\t\t\t\t<h2 class=\"elementor-heading-title elementor-size-default\"><a href=\"https:\/\/festivaldescubierto.com\/index.php\/programacion\/panorama-regional\/\">PANORAMA REGIONAL<\/a><\/h2>\t\t\t\t<\/div>\n\t\t\t\t<\/div>\n\t\t\t\t<\/div>\n\t\t\t\t\t<\/div>\n\t\t\t\t<\/div>\n\t\t<div class=\"elementor-element elementor-element-ecbdcf0 e-flex e-con-boxed e-con e-parent\" data-id=\"ecbdcf0\" data-element_type=\"container\" data-e-type=\"container\">\n\t\t\t\t\t<div class=\"e-con-inner\">\n\t\t\t\t<div class=\"elementor-element elementor-element-5280d05 elementor-tabs-view-horizontal elementor-invisible elementor-widget elementor-widget-tabs\" data-id=\"5280d05\" data-element_type=\"widget\" data-e-type=\"widget\" data-settings=\"{&quot;_animation&quot;:&quot;fadeInUp&quot;}\" data-widget_type=\"tabs.default\">\n\t\t\t\t<div class=\"elementor-widget-container\">\n\t\t\t\t\t\t\t<div class=\"elementor-tabs\">\n\t\t\t<div class=\"elementor-tabs-wrapper\" role=\"tablist\" >\n\t\t\t\t\t\t\t\t\t<div id=\"elementor-tab-title-8651\" class=\"elementor-tab-title elementor-tab-desktop-title\" aria-selected=\"true\" data-tab=\"1\" role=\"tab\" tabindex=\"0\" aria-controls=\"elementor-tab-content-8651\" aria-expanded=\"false\">Jueves 06\/02<\/div>\n\t\t\t\t\t\t\t\t\t<div id=\"elementor-tab-title-8652\" class=\"elementor-tab-title elementor-tab-desktop-title\" aria-selected=\"false\" data-tab=\"2\" role=\"tab\" tabindex=\"-1\" aria-controls=\"elementor-tab-content-8652\" aria-expanded=\"false\">Viernes 07\/02<\/div>\n\t\t\t\t\t\t\t\t\t<div id=\"elementor-tab-title-8653\" class=\"elementor-tab-title elementor-tab-desktop-title\" aria-selected=\"false\" data-tab=\"3\" role=\"tab\" tabindex=\"-1\" aria-controls=\"elementor-tab-content-8653\" aria-expanded=\"false\">S\u00e1bado 08\/02<\/div>\n\t\t\t\t\t\t\t\t\t<div id=\"elementor-tab-title-8654\" class=\"elementor-tab-title elementor-tab-desktop-title\" aria-selected=\"false\" data-tab=\"4\" role=\"tab\" tabindex=\"-1\" aria-controls=\"elementor-tab-content-8654\" aria-expanded=\"false\">Domingo 09\/02<\/div>\n\t\t\t\t\t\t\t<\/div>\n\t\t\t<div class=\"elementor-tabs-content-wrapper\" role=\"tablist\" aria-orientation=\"vertical\">\n\t\t\t\t\t\t\t\t\t<div class=\"elementor-tab-title elementor-tab-mobile-title\" aria-selected=\"true\" data-tab=\"1\" role=\"tab\" tabindex=\"0\" aria-controls=\"elementor-tab-content-8651\" aria-expanded=\"false\">Jueves 06\/02<\/div>\n\t\t\t\t\t<div id=\"elementor-tab-content-8651\" class=\"elementor-tab-content elementor-clearfix\" data-tab=\"1\" role=\"tabpanel\" aria-labelledby=\"elementor-tab-title-8651\" tabindex=\"0\" hidden=\"false\"><p><strong>Alianza Francesa de Trujillo &#8211; Ingreso libre\u00a0<\/strong><\/p><p>4:00pm\u00a0 <span style=\"color: #800080;\"><a style=\"color: #800080;\" href=\"https:\/\/festivaldescubierto.com\/index.php\/programacion\/largometrajescompetencia\/las-motosierras-cantan\/\">Las motosierras cantan<\/a><\/span>\u00a0<em>Categor\u00eda Observatorium<\/em><\/p><p><strong>6:00pm<\/strong> \u00a0<em>Categor\u00eda Panorama Regional<\/em><\/p><p style=\"padding-left: 80px;\"><span style=\"color: #800080;\"><a style=\"color: #800080;\" href=\"https:\/\/festivaldescubierto.com\/index.php\/programacion\/panorama-regional\/cascadas\/\">-Cascadas<\/a><br \/><a style=\"color: #800080;\" href=\"https:\/\/festivaldescubierto.com\/index.php\/programacion\/panorama-regional\/corona\/\">&#8211; Corona.<\/a><br \/><a style=\"color: #800080;\" href=\"https:\/\/festivaldescubierto.com\/index.php\/programacion\/panorama-regional\/en-nosotras\/\">&#8211; En Nosotras\u00a0<\/a><br \/><a style=\"color: #800080;\" href=\"https:\/\/festivaldescubierto.com\/index.php\/programacion\/panorama-regional\/la-molicie\/\">&#8211; La Molicie<\/a><br \/><a style=\"color: #800080;\" href=\"https:\/\/festivaldescubierto.com\/index.php\/programacion\/panorama-regional\/grietas\/\">&#8211; Grietas\u00a0<\/a><br \/><a style=\"color: #800080;\" href=\"https:\/\/festivaldescubierto.com\/index.php\/programacion\/panorama-regional\/memento-mori\/\">&#8211; Memento Mori\u00a0<\/a><br \/><\/span><\/p><p><strong>7:00pm<\/strong> \u00a0<em>Inauguraci\u00f3n<\/em><\/p><p><em><strong>7:20pm<\/strong>\u00a0 Conversatorio con directores Panorama Regional<br \/><\/em><\/p><p><em><strong>8:00pm<\/strong><span style=\"color: #800080;\"> <a style=\"color: #800080;\" href=\"https:\/\/festivaldescubierto.com\/index.php\/programacion\/largometrajescompetencia\/vzfs\/\">Vampire Zombies From Space<\/a><\/span> &#8211; Largometraje en competencia<\/em><\/p><\/div>\n\t\t\t\t\t\t\t\t\t<div class=\"elementor-tab-title elementor-tab-mobile-title\" aria-selected=\"false\" data-tab=\"2\" role=\"tab\" tabindex=\"-1\" aria-controls=\"elementor-tab-content-8652\" aria-expanded=\"false\">Viernes 07\/02<\/div>\n\t\t\t\t\t<div id=\"elementor-tab-content-8652\" class=\"elementor-tab-content elementor-clearfix\" data-tab=\"2\" role=\"tabpanel\" aria-labelledby=\"elementor-tab-title-8652\" tabindex=\"0\" hidden=\"hidden\"><p><strong>Alianza Francesa de Trujillo &#8211; Ingreso libre\u00a0<\/strong><\/p><p><strong>4:00pm<\/strong> <a href=\"https:\/\/festivaldescubierto.com\/index.php\/programacion\/largometrajescompetencia\/another-time\/\"><span style=\"color: #800080;\">Another Time<\/span><\/a> &#8211; Largometraje en competencia<\/p><p><strong>5:30pm<\/strong> \u00a0<em>Categor\u00eda Animaci\u00f3n<\/em><\/p><p style=\"padding-left: 80px;\"><span style=\"color: #800080;\"><a style=\"color: #800080;\" href=\"https:\/\/festivaldescubierto.com\/index.php\/programacion\/animacion\/la-bolsita-de-agua-caliente\/\">La Bolsita de Agua Caliente<\/a><br \/><a style=\"color: #800080;\" href=\"https:\/\/festivaldescubierto.com\/index.php\/programacion\/animacion\/to-bird-or-nor-to-bird\/\">To Bird or not to bird<\/a>\u00a0<br \/><a style=\"color: #800080;\" href=\"https:\/\/festivaldescubierto.com\/index.php\/programacion\/animacion\/voz-de-la-trompeta\/\">Voz de Trompeta\u00a0<\/a><br \/><a style=\"color: #800080;\" href=\"https:\/\/festivaldescubierto.com\/index.php\/programacion\/animacion\/10k-seguidores\/\">10K Seguidores<\/a><br \/><a style=\"color: #800080;\" href=\"https:\/\/festivaldescubierto.com\/index.php\/programacion\/animacion\/fish-river-anthology\/\">Fish River Anthology\u00a0<\/a><br \/><a style=\"color: #800080;\" href=\"https:\/\/festivaldescubierto.com\/index.php\/programacion\/animacion\/bye-bear\/\">Bye Bear<\/a><br \/><a style=\"color: #800080;\" href=\"https:\/\/festivaldescubierto.com\/index.php\/programacion\/animacion\/el-padrastro\/\">El Padrastro<\/a><br \/><a style=\"color: #800080;\" href=\"https:\/\/festivaldescubierto.com\/index.php\/programacion\/animacion\/la-perra\/\">La Perra<\/a><br \/><\/span><\/p><p><span style=\"color: #333333;\"><strong>7:00pm<\/strong> \u00a0<em>Categor\u00eda Per\u00fa Fant\u00e1stico<\/em><\/span><\/p><p style=\"padding-left: 80px;\"><span style=\"color: #800080;\"><a style=\"color: #800080;\" href=\"https:\/\/festivaldescubierto.com\/index.php\/programacion\/peru-fantastico\/la-cabana\/\">La caba\u00f1a<\/a><br \/><a style=\"color: #800080;\" href=\"https:\/\/festivaldescubierto.com\/index.php\/programacion\/peru-fantastico\/barry-underground\/\">Barry Underground<\/a><br \/><a style=\"color: #800080;\" href=\"https:\/\/festivaldescubierto.com\/index.php\/programacion\/peru-fantastico\/para\/\">Para<\/a><br \/><a style=\"color: #800080;\" href=\"https:\/\/festivaldescubierto.com\/index.php\/programacion\/peru-fantastico\/gabriela-gabriela\/\">Gabriela Gabriela<\/a><br \/><a style=\"color: #800080;\" href=\"https:\/\/festivaldescubierto.com\/index.php\/programacion\/peru-fantastico\/lo-que-dina-se-llevo\/\">Lo que Dina se llev\u00f3<\/a><br \/><a style=\"color: #800080;\" href=\"https:\/\/festivaldescubierto.com\/index.php\/programacion\/peru-fantastico\/un-ultimo-aliento\/\">Un \u00faltimo aliento<\/a><\/span><\/p><p><span style=\"color: #800080;\"><span style=\"color: #333333;\"><em><strong>8:30pm<\/strong>\u00a0 Conversatorio con directores Per\u00fa Fant\u00e1stico<\/em><\/span><br \/><\/span><\/p><\/div>\n\t\t\t\t\t\t\t\t\t<div class=\"elementor-tab-title elementor-tab-mobile-title\" aria-selected=\"false\" data-tab=\"3\" role=\"tab\" tabindex=\"-1\" aria-controls=\"elementor-tab-content-8653\" aria-expanded=\"false\">S\u00e1bado 08\/02<\/div>\n\t\t\t\t\t<div id=\"elementor-tab-content-8653\" class=\"elementor-tab-content elementor-clearfix\" data-tab=\"3\" role=\"tabpanel\" aria-labelledby=\"elementor-tab-title-8653\" tabindex=\"0\" hidden=\"hidden\"><p><strong>Cine Chim\u00fa &#8211; Ingreso libre\u00a0<\/strong><\/p><p>10:00am \u00a0<em>Taller de doblaje con animaci\u00f3n<\/em><\/p><p>5:00pm \u00a0<em>Categor\u00eda Otros Mundos<\/em><\/p><p style=\"padding-left: 80px;\"><span style=\"color: #800080;\"><a style=\"color: #800080;\" href=\"https:\/\/festivaldescubierto.com\/index.php\/programacion\/otrosmundosshorts\/el-humano-bajo-la-cama\/\">El humano bajo la cama<\/a><\/span><br \/><span style=\"color: #800080;\"><a style=\"color: #800080;\" href=\"https:\/\/festivaldescubierto.com\/index.php\/programacion\/otrosmundosshorts\/hazme-una-pizza\/\">Hazme una pizza<\/a><\/span><br \/><span style=\"color: #800080;\"><a style=\"color: #800080;\" href=\"https:\/\/festivaldescubierto.com\/index.php\/programacion\/otrosmundosshorts\/furia-sangrienta\/\">Furis Sangrienta<\/a><\/span><br \/><span style=\"color: #800080;\"><a style=\"color: #800080;\" href=\"https:\/\/festivaldescubierto.com\/index.php\/programacion\/otrosmundosshorts\/la-sombra\/\">La Sombra<\/a><\/span><br \/><span style=\"color: #800080;\"><a style=\"color: #800080;\" href=\"https:\/\/festivaldescubierto.com\/index.php\/programacion\/otrosmundosshorts\/ojos-de-olga\/\">Los Ojos de Olga<\/a><\/span><br \/><span style=\"color: #800080;\"><a style=\"color: #800080;\" href=\"https:\/\/festivaldescubierto.com\/index.php\/programacion\/otrosmundosshorts\/uterreaches\/\">Outer Reaches<\/a><\/span><\/p><p><strong>6:30pm<\/strong> <span style=\"color: #800080;\"><a style=\"color: #800080;\" href=\"https:\/\/festivaldescubierto.com\/index.php\/programacion\/largometrajescompetencia\/el-escuerzo\/\">El escuerzo<\/a><\/span> &#8211; Largometraje en competencia<\/p><p><em><strong>8:00pm<\/strong> <a href=\"https:\/\/festivaldescubierto.com\/index.php\/programacion\/largometrajescompetencia\/hippo\/\"><span style=\"color: #800080;\">Hippo<\/span><\/a> &#8211; Largometraje en competencia<\/em><\/p><\/div>\n\t\t\t\t\t\t\t\t\t<div class=\"elementor-tab-title elementor-tab-mobile-title\" aria-selected=\"false\" data-tab=\"4\" role=\"tab\" tabindex=\"-1\" aria-controls=\"elementor-tab-content-8654\" aria-expanded=\"false\">Domingo 09\/02<\/div>\n\t\t\t\t\t<div id=\"elementor-tab-content-8654\" class=\"elementor-tab-content elementor-clearfix\" data-tab=\"4\" role=\"tabpanel\" aria-labelledby=\"elementor-tab-title-8654\" tabindex=\"0\" hidden=\"hidden\"><p><strong>Cine Chim\u00fa &#8211; Ingreso libre\u00a0<\/strong><\/p><p><strong>5:00pm<\/strong> \u00a0<em>Categor\u00eda Observatorium<\/em><\/p><p style=\"padding-left: 80px;\"><span style=\"color: #800080;\"><a style=\"color: #800080;\" href=\"https:\/\/festivaldescubierto.com\/index.php\/programacion\/observatorium-shorts\/huesos-mios\/\">Huesos M\u00edos<\/a><\/span><br \/><span style=\"color: #800080;\"><a style=\"color: #800080;\" href=\"https:\/\/festivaldescubierto.com\/index.php\/programacion\/observatorium-shorts\/frascos-vacios\/\">Frascos Vac\u00edos<\/a><\/span><br \/><span style=\"color: #800080;\"><a style=\"color: #800080;\" href=\"https:\/\/festivaldescubierto.com\/index.php\/programacion\/observatorium-shorts\/valle-de-las-almas\/\">Valle de las almas<\/a><\/span><br \/><span style=\"color: #800080;\"><a style=\"color: #800080;\" href=\"https:\/\/festivaldescubierto.com\/index.php\/programacion\/observatorium-shorts\/voyager\/\">Voyager<\/a><\/span><br \/><span style=\"color: #800080;\"><a style=\"color: #800080;\" href=\"https:\/\/festivaldescubierto.com\/index.php\/programacion\/observatorium-shorts\/headeaters\/\">Head Eaters<\/a><\/span><br \/><span style=\"color: #800080;\"><a style=\"color: #800080;\" href=\"https:\/\/festivaldescubierto.com\/index.php\/programacion\/observatorium-shorts\/red-sky-at-night\/\">Red Sky at Night<\/a><\/span><\/p><p><strong>6:30pm<\/strong> <span style=\"color: #800080;\"><a style=\"color: #800080;\" href=\"https:\/\/festivaldescubierto.com\/index.php\/programacion\/largometrajescompetencia\/erase-una-vez-en-el-caribe\/\">\u00c9rase una vez en el Caribe <\/a><\/span>\u00a0&#8211; Largometraje en competencia<\/p><p><em><strong>9:00pm<\/strong> Premiaci\u00f3n y clausura<\/em><\/p><\/div>\n\t\t\t\t\t\t\t<\/div>\n\t\t<\/div>\n\t\t\t\t\t\t<\/div>\n\t\t\t\t<\/div>\n\t\t\t\t\t<\/div>\n\t\t\t\t<\/div>\n\t\t\t\t<\/div>\n\t\t","protected":false},"excerpt":{"rendered":"<p>III Festival de cine descubierto Programaci\u00f3n A trav\u00e9s de nuestra programaci\u00f3n, Descubierto ofrece un espacio donde el cine fant\u00e1stico transite [&hellip;]<\/p>\n","protected":false},"author":1,"featured_media":0,"parent":0,"menu_order":0,"comment_status":"closed","ping_status":"closed","template":"elementor_header_footer","meta":{"site-sidebar-layout":"default","site-content-layout":"","ast-site-content-layout":"","site-content-style":"default","site-sidebar-style":"default","ast-global-header-display":"","ast-banner-title-visibility":"","ast-main-header-display":"","ast-hfb-above-header-display":"","ast-hfb-below-header-display":"","ast-hfb-mobile-header-display":"","site-post-title":"","ast-breadcrumbs-content":"","ast-featured-img":"","footer-sml-layout":"","theme-transparent-header-meta":"","adv-header-id-meta":"","stick-header-meta":"","header-above-stick-meta":"","header-main-stick-meta":"","header-below-stick-meta":"","astra-migrate-meta-layouts":"default","ast-page-background-enabled":"default","ast-page-background-meta":{"desktop":{"background-color":"var(--ast-global-color-4)","background-image":"","background-repeat":"repeat","background-position":"center center","background-size":"auto","background-attachment":"scroll","background-type":"","background-media":"","overlay-type":"","overlay-color":"","overlay-gradient":""},"tablet":{"background-color":"","background-image":"","background-repeat":"repeat","background-position":"center center","background-size":"auto","background-attachment":"scroll","background-type":"","background-media":"","overlay-type":"","overlay-color":"","overlay-gradient":""},"mobile":{"background-color":"","background-image":"","background-repeat":"repeat","background-position":"center center","background-size":"auto","background-attachment":"scroll","background-type":"","background-media":"","overlay-type":"","overlay-color":"","overlay-gradient":""}},"ast-content-background-meta":{"desktop":{"background-color":"var(--ast-global-color-5)","background-image":"","background-repeat":"repeat","background-position":"center center","background-size":"auto","background-attachment":"scroll","background-type":"","background-media":"","overlay-type":"","overlay-color":"","overlay-gradient":""},"tablet":{"background-color":"var(--ast-global-color-5)","background-image":"","background-repeat":"repeat","background-position":"center center","background-size":"auto","background-attachment":"scroll","background-type":"","background-media":"","overlay-type":"","overlay-color":"","overlay-gradient":""},"mobile":{"background-color":"var(--ast-global-color-5)","background-image":"","background-repeat":"repeat","background-position":"center center","background-size":"auto","background-attachment":"scroll","background-type":"","background-media":"","overlay-type":"","overlay-color":"","overlay-gradient":""}},"footnotes":""},"class_list":["post-30","page","type-page","status-publish","hentry"],"_links":{"self":[{"href":"https:\/\/festivaldescubierto.com\/index.php\/wp-json\/wp\/v2\/pages\/30","targetHints":{"allow":["GET"]}}],"collection":[{"href":"https:\/\/festivaldescubierto.com\/index.php\/wp-json\/wp\/v2\/pages"}],"about":[{"href":"https:\/\/festivaldescubierto.com\/index.php\/wp-json\/wp\/v2\/types\/page"}],"author":[{"embeddable":true,"href":"https:\/\/festivaldescubierto.com\/index.php\/wp-json\/wp\/v2\/users\/1"}],"replies":[{"embeddable":true,"href":"https:\/\/festivaldescubierto.com\/index.php\/wp-json\/wp\/v2\/comments?post=30"}],"version-history":[{"count":111,"href":"https:\/\/festivaldescubierto.com\/index.php\/wp-json\/wp\/v2\/pages\/30\/revisions"}],"predecessor-version":[{"id":2537,"href":"https:\/\/festivaldescubierto.com\/index.php\/wp-json\/wp\/v2\/pages\/30\/revisions\/2537"}],"wp:attachment":[{"href":"https:\/\/festivaldescubierto.com\/index.php\/wp-json\/wp\/v2\/media?parent=30"}],"curies":[{"name":"wp","href":"https:\/\/api.w.org\/{rel}","templated":true}]}}