{"id":2133,"date":"2025-01-02T04:36:08","date_gmt":"2025-01-02T04:36:08","guid":{"rendered":"https:\/\/festivaldescubierto.com\/?page_id=2133"},"modified":"2025-01-16T05:15:05","modified_gmt":"2025-01-16T05:15:05","slug":"ojos-de-olga","status":"publish","type":"page","link":"https:\/\/festivaldescubierto.com\/index.php\/programacion\/otrosmundosshorts\/ojos-de-olga\/","title":{"rendered":"Ojos de Olga"},"content":{"rendered":"\t\t<div data-elementor-type=\"wp-page\" data-elementor-id=\"2133\" class=\"elementor elementor-2133\" data-elementor-post-type=\"page\">\n\t\t\t\t<div class=\"elementor-element elementor-element-71a2cf6 e-con-full e-flex e-con e-parent\" data-id=\"71a2cf6\" data-element_type=\"container\" data-e-type=\"container\" data-settings=\"{&quot;background_background&quot;:&quot;classic&quot;}\">\n\t\t\t\t<div class=\"elementor-element elementor-element-b992140 elementor-widget elementor-widget-text-editor\" data-id=\"b992140\" data-element_type=\"widget\" data-e-type=\"widget\" data-widget_type=\"text-editor.default\">\n\t\t\t\t<div class=\"elementor-widget-container\">\n\t\t\t\t\t\t\t\t\t<h6><span style=\"font-size: medium;\">Otros Mundos\u00a0<\/span><\/h6><h4>Los ojos de Olga<\/h4><h5><span style=\"font-size: large;\">Dirigido por Sarah Carlot Jaber<br \/><\/span><\/h5>\t\t\t\t\t\t\t\t<\/div>\n\t\t\t\t<\/div>\n\t\t\t\t<\/div>\n\t\t<div class=\"elementor-element elementor-element-b535add e-flex e-con-boxed e-con e-parent\" data-id=\"b535add\" data-element_type=\"container\" data-e-type=\"container\" data-settings=\"{&quot;background_background&quot;:&quot;classic&quot;}\">\n\t\t\t\t\t<div class=\"e-con-inner\">\n\t\t<div class=\"elementor-element elementor-element-d517890 e-con-full e-flex e-con e-child\" data-id=\"d517890\" data-element_type=\"container\" data-e-type=\"container\">\n\t\t\t\t<div class=\"elementor-element elementor-element-804341c elementor-widget elementor-widget-heading\" data-id=\"804341c\" data-element_type=\"widget\" data-e-type=\"widget\" data-widget_type=\"heading.default\">\n\t\t\t\t<div class=\"elementor-widget-container\">\n\t\t\t\t\t<h2 class=\"elementor-heading-title elementor-size-default\">S\u00e1bado 8 Febrero<\/h2>\t\t\t\t<\/div>\n\t\t\t\t<\/div>\n\t\t\t\t<\/div>\n\t\t<div class=\"elementor-element elementor-element-b1729fc e-con-full e-flex e-con e-child\" data-id=\"b1729fc\" data-element_type=\"container\" data-e-type=\"container\">\n\t\t\t\t<div class=\"elementor-element elementor-element-4c1c92f elementor-widget elementor-widget-heading\" data-id=\"4c1c92f\" data-element_type=\"widget\" data-e-type=\"widget\" data-widget_type=\"heading.default\">\n\t\t\t\t<div class=\"elementor-widget-container\">\n\t\t\t\t\t<h2 class=\"elementor-heading-title elementor-size-default\">4:30 pm<\/h2>\t\t\t\t<\/div>\n\t\t\t\t<\/div>\n\t\t\t\t<\/div>\n\t\t<div class=\"elementor-element elementor-element-38baed8 e-con-full e-flex e-con e-child\" data-id=\"38baed8\" data-element_type=\"container\" data-e-type=\"container\">\n\t\t\t\t<div class=\"elementor-element elementor-element-886159f elementor-widget elementor-widget-heading\" data-id=\"886159f\" data-element_type=\"widget\" data-e-type=\"widget\" data-widget_type=\"heading.default\">\n\t\t\t\t<div class=\"elementor-widget-container\">\n\t\t\t\t\t<h2 class=\"elementor-heading-title elementor-size-default\">Cine Chim\u00fa<\/h2>\t\t\t\t<\/div>\n\t\t\t\t<\/div>\n\t\t\t\t<\/div>\n\t\t\t\t\t<\/div>\n\t\t\t\t<\/div>\n\t\t<div class=\"elementor-element elementor-element-54d2d66 e-flex e-con-boxed e-con e-parent\" data-id=\"54d2d66\" data-element_type=\"container\" data-e-type=\"container\" data-settings=\"{&quot;background_background&quot;:&quot;classic&quot;}\">\n\t\t\t\t\t<div class=\"e-con-inner\">\n\t\t<div class=\"elementor-element elementor-element-af51bc2 e-con-full e-flex e-con e-child\" data-id=\"af51bc2\" data-element_type=\"container\" data-e-type=\"container\">\n\t\t\t\t<div class=\"elementor-element elementor-element-bce9428 elementor-widget elementor-widget-heading\" data-id=\"bce9428\" data-element_type=\"widget\" data-e-type=\"widget\" data-widget_type=\"heading.default\">\n\t\t\t\t<div class=\"elementor-widget-container\">\n\t\t\t\t\t<h5 class=\"elementor-heading-title elementor-size-default\">FICCI\u00d3N | DRAMA | 22' | 2023 | FRANC\u00c9S | B\u00c9LGICA<\/h5>\t\t\t\t<\/div>\n\t\t\t\t<\/div>\n\t\t\t\t<div class=\"elementor-element elementor-element-10dd620 elementor-widget elementor-widget-heading\" data-id=\"10dd620\" data-element_type=\"widget\" data-e-type=\"widget\" data-widget_type=\"heading.default\">\n\t\t\t\t<div class=\"elementor-widget-container\">\n\t\t\t\t\t<h2 class=\"elementor-heading-title elementor-size-default\">Sinopsis<\/h2>\t\t\t\t<\/div>\n\t\t\t\t<\/div>\n\t\t\t\t<div class=\"elementor-element elementor-element-3a8c7f2 elementor-widget elementor-widget-heading\" data-id=\"3a8c7f2\" data-element_type=\"widget\" data-e-type=\"widget\" data-widget_type=\"heading.default\">\n\t\t\t\t<div class=\"elementor-widget-container\">\n\t\t\t\t\t<h2 class=\"elementor-heading-title elementor-size-default\">Olga, una octogenaria amante de la m\u00fasica, est\u00e1 cansada de matar humanos. \u00bfPodr\u00eda ser la tristeza vamp\u00edrica? Para su hija Simone, simplemente est\u00e1 siendo exigente. Olga es internada en una residencia donde podr\u00e1 tratar con aquellos \u201cque tienen un pie en la tumba\u201d.<\/h2>\t\t\t\t<\/div>\n\t\t\t\t<\/div>\n\t\t\t\t<\/div>\n\t\t<div class=\"elementor-element elementor-element-1fb6c27 e-con-full e-flex e-con e-child\" data-id=\"1fb6c27\" data-element_type=\"container\" data-e-type=\"container\">\n\t\t\t\t<div class=\"elementor-element elementor-element-fabdc1f elementor-widget elementor-widget-image\" data-id=\"fabdc1f\" data-element_type=\"widget\" data-e-type=\"widget\" data-widget_type=\"image.default\">\n\t\t\t\t<div class=\"elementor-widget-container\">\n\t\t\t\t\t\t\t\t\t\t\t\t\t\t\t<img fetchpriority=\"high\" decoding=\"async\" width=\"411\" height=\"620\" src=\"https:\/\/festivaldescubierto.com\/wp-content\/uploads\/2025\/01\/Los-ojos-de-Olga-Poster.png\" class=\"attachment-1536x1536 size-1536x1536 wp-image-2137\" alt=\"\" srcset=\"https:\/\/festivaldescubierto.com\/wp-content\/uploads\/2025\/01\/Los-ojos-de-Olga-Poster.png 411w, https:\/\/festivaldescubierto.com\/wp-content\/uploads\/2025\/01\/Los-ojos-de-Olga-Poster-199x300.png 199w, https:\/\/festivaldescubierto.com\/wp-content\/uploads\/2025\/01\/Los-ojos-de-Olga-Poster-8x12.png 8w\" sizes=\"(max-width: 411px) 100vw, 411px\" \/>\t\t\t\t\t\t\t\t\t\t\t\t\t\t\t<\/div>\n\t\t\t\t<\/div>\n\t\t\t\t<\/div>\n\t\t\t\t\t<\/div>\n\t\t\t\t<\/div>\n\t\t<div class=\"elementor-element elementor-element-2aee70b e-con-full e-flex e-con e-parent\" data-id=\"2aee70b\" data-element_type=\"container\" data-e-type=\"container\" data-settings=\"{&quot;background_background&quot;:&quot;classic&quot;}\">\n\t\t\t\t<div class=\"elementor-element elementor-element-9ad6a18 elementor-widget elementor-widget-text-editor\" data-id=\"9ad6a18\" data-element_type=\"widget\" data-e-type=\"widget\" data-widget_type=\"text-editor.default\">\n\t\t\t\t<div class=\"elementor-widget-container\">\n\t\t\t\t\t\t\t\t\t<h5>\u00a0<\/h5><p>\u00a0<\/p>\t\t\t\t\t\t\t\t<\/div>\n\t\t\t\t<\/div>\n\t\t\t\t<\/div>\n\t\t\t\t<\/div>\n\t\t","protected":false},"excerpt":{"rendered":"<p>Otros Mundos\u00a0 Los ojos de Olga Dirigido por Sarah Carlot Jaber S\u00e1bado 8 Febrero 4:30 pm Cine Chim\u00fa FICCI\u00d3N | [&hellip;]<\/p>\n","protected":false},"author":1,"featured_media":0,"parent":1390,"menu_order":0,"comment_status":"closed","ping_status":"closed","template":"","meta":{"site-sidebar-layout":"default","site-content-layout":"","ast-site-content-layout":"","site-content-style":"default","site-sidebar-style":"default","ast-global-header-display":"","ast-banner-title-visibility":"","ast-main-header-display":"","ast-hfb-above-header-display":"","ast-hfb-below-header-display":"","ast-hfb-mobile-header-display":"","site-post-title":"","ast-breadcrumbs-content":"","ast-featured-img":"","footer-sml-layout":"","theme-transparent-header-meta":"","adv-header-id-meta":"","stick-header-meta":"","header-above-stick-meta":"","header-main-stick-meta":"","header-below-stick-meta":"","astra-migrate-meta-layouts":"default","ast-page-background-enabled":"default","ast-page-background-meta":{"desktop":{"background-color":"var(--ast-global-color-4)","background-image":"","background-repeat":"repeat","background-position":"center center","background-size":"auto","background-attachment":"scroll","background-type":"","background-media":"","overlay-type":"","overlay-color":"","overlay-gradient":""},"tablet":{"background-color":"","background-image":"","background-repeat":"repeat","background-position":"center center","background-size":"auto","background-attachment":"scroll","background-type":"","background-media":"","overlay-type":"","overlay-color":"","overlay-gradient":""},"mobile":{"background-color":"","background-image":"","background-repeat":"repeat","background-position":"center center","background-size":"auto","background-attachment":"scroll","background-type":"","background-media":"","overlay-type":"","overlay-color":"","overlay-gradient":""}},"ast-content-background-meta":{"desktop":{"background-color":"var(--ast-global-color-5)","background-image":"","background-repeat":"repeat","background-position":"center center","background-size":"auto","background-attachment":"scroll","background-type":"","background-media":"","overlay-type":"","overlay-color":"","overlay-gradient":""},"tablet":{"background-color":"var(--ast-global-color-5)","background-image":"","background-repeat":"repeat","background-position":"center center","background-size":"auto","background-attachment":"scroll","background-type":"","background-media":"","overlay-type":"","overlay-color":"","overlay-gradient":""},"mobile":{"background-color":"var(--ast-global-color-5)","background-image":"","background-repeat":"repeat","background-position":"center center","background-size":"auto","background-attachment":"scroll","background-type":"","background-media":"","overlay-type":"","overlay-color":"","overlay-gradient":""}},"footnotes":""},"class_list":["post-2133","page","type-page","status-publish","hentry"],"_links":{"self":[{"href":"https:\/\/festivaldescubierto.com\/index.php\/wp-json\/wp\/v2\/pages\/2133","targetHints":{"allow":["GET"]}}],"collection":[{"href":"https:\/\/festivaldescubierto.com\/index.php\/wp-json\/wp\/v2\/pages"}],"about":[{"href":"https:\/\/festivaldescubierto.com\/index.php\/wp-json\/wp\/v2\/types\/page"}],"author":[{"embeddable":true,"href":"https:\/\/festivaldescubierto.com\/index.php\/wp-json\/wp\/v2\/users\/1"}],"replies":[{"embeddable":true,"href":"https:\/\/festivaldescubierto.com\/index.php\/wp-json\/wp\/v2\/comments?post=2133"}],"version-history":[{"count":7,"href":"https:\/\/festivaldescubierto.com\/index.php\/wp-json\/wp\/v2\/pages\/2133\/revisions"}],"predecessor-version":[{"id":2284,"href":"https:\/\/festivaldescubierto.com\/index.php\/wp-json\/wp\/v2\/pages\/2133\/revisions\/2284"}],"up":[{"embeddable":true,"href":"https:\/\/festivaldescubierto.com\/index.php\/wp-json\/wp\/v2\/pages\/1390"}],"wp:attachment":[{"href":"https:\/\/festivaldescubierto.com\/index.php\/wp-json\/wp\/v2\/media?parent=2133"}],"curies":[{"name":"wp","href":"https:\/\/api.w.org\/{rel}","templated":true}]}}