{"id":1171,"date":"2024-02-23T23:31:19","date_gmt":"2024-02-23T23:31:19","guid":{"rendered":"https:\/\/festivaldescubierto.com\/?page_id=1171"},"modified":"2025-01-16T11:56:51","modified_gmt":"2025-01-16T11:56:51","slug":"panorama-regional","status":"publish","type":"page","link":"https:\/\/festivaldescubierto.com\/index.php\/programacion\/panorama-regional\/","title":{"rendered":"Panorama regional"},"content":{"rendered":"\t\t<div data-elementor-type=\"wp-page\" data-elementor-id=\"1171\" class=\"elementor elementor-1171\" data-elementor-post-type=\"page\">\n\t\t\t\t<div class=\"elementor-element elementor-element-ac73d5c e-con-full e-flex e-con e-parent\" data-id=\"ac73d5c\" data-element_type=\"container\" data-e-type=\"container\" data-settings=\"{&quot;background_background&quot;:&quot;classic&quot;}\">\n\t\t\t\t<div class=\"elementor-element elementor-element-61e864b elementor-widget elementor-widget-heading\" data-id=\"61e864b\" data-element_type=\"widget\" data-e-type=\"widget\" data-widget_type=\"heading.default\">\n\t\t\t\t<div class=\"elementor-widget-container\">\n\t\t\t\t\t<h2 class=\"elementor-heading-title elementor-size-default\">panorama regional<\/h2>\t\t\t\t<\/div>\n\t\t\t\t<\/div>\n\t\t\t\t<div class=\"elementor-element elementor-element-f08a751 elementor-widget elementor-widget-heading\" data-id=\"f08a751\" data-element_type=\"widget\" data-e-type=\"widget\" data-widget_type=\"heading.default\">\n\t\t\t\t<div class=\"elementor-widget-container\">\n\t\t\t\t\t<h2 class=\"elementor-heading-title elementor-size-default\">Cortometrajes locales<\/h2>\t\t\t\t<\/div>\n\t\t\t\t<\/div>\n\t\t\t\t<\/div>\n\t\t<div class=\"elementor-element elementor-element-d2cc287 e-flex e-con-boxed e-con e-parent\" data-id=\"d2cc287\" data-element_type=\"container\" data-e-type=\"container\" data-settings=\"{&quot;background_background&quot;:&quot;classic&quot;}\">\n\t\t\t\t\t<div class=\"e-con-inner\">\n\t\t<div class=\"elementor-element elementor-element-3022ee6 e-con-full e-flex e-con e-child\" data-id=\"3022ee6\" data-element_type=\"container\" data-e-type=\"container\" data-settings=\"{&quot;background_background&quot;:&quot;classic&quot;}\">\n\t\t\t\t<div class=\"elementor-element elementor-element-6195319 elementor-widget elementor-widget-image\" data-id=\"6195319\" data-element_type=\"widget\" data-e-type=\"widget\" data-widget_type=\"image.default\">\n\t\t\t\t<div class=\"elementor-widget-container\">\n\t\t\t\t\t\t\t\t\t\t\t\t\t\t\t<img decoding=\"async\" width=\"300\" height=\"78\" src=\"https:\/\/festivaldescubierto.com\/wp-content\/uploads\/2025\/01\/En-Nosotras-2-300x78.png\" class=\"attachment-medium size-medium wp-image-2427\" alt=\"\" srcset=\"https:\/\/festivaldescubierto.com\/wp-content\/uploads\/2025\/01\/En-Nosotras-2-300x78.png 300w, https:\/\/festivaldescubierto.com\/wp-content\/uploads\/2025\/01\/En-Nosotras-2-1024x267.png 1024w, https:\/\/festivaldescubierto.com\/wp-content\/uploads\/2025\/01\/En-Nosotras-2-768x200.png 768w, https:\/\/festivaldescubierto.com\/wp-content\/uploads\/2025\/01\/En-Nosotras-2-18x5.png 18w, https:\/\/festivaldescubierto.com\/wp-content\/uploads\/2025\/01\/En-Nosotras-2.png 1150w\" sizes=\"(max-width: 300px) 100vw, 300px\" \/>\t\t\t\t\t\t\t\t\t\t\t\t\t\t\t<\/div>\n\t\t\t\t<\/div>\n\t\t\t\t<div class=\"elementor-element elementor-element-1fdc582 elementor-widget elementor-widget-heading\" data-id=\"1fdc582\" data-element_type=\"widget\" data-e-type=\"widget\" data-widget_type=\"heading.default\">\n\t\t\t\t<div class=\"elementor-widget-container\">\n\t\t\t\t\t<h2 class=\"elementor-heading-title elementor-size-default\">cortometraje<\/h2>\t\t\t\t<\/div>\n\t\t\t\t<\/div>\n\t\t\t\t<div class=\"elementor-element elementor-element-52f549c elementor-widget elementor-widget-heading\" data-id=\"52f549c\" data-element_type=\"widget\" data-e-type=\"widget\" data-widget_type=\"heading.default\">\n\t\t\t\t<div class=\"elementor-widget-container\">\n\t\t\t\t\t<h2 class=\"elementor-heading-title elementor-size-default\">En Nosotras<\/h2>\t\t\t\t<\/div>\n\t\t\t\t<\/div>\n\t\t\t\t<div class=\"elementor-element elementor-element-229461c elementor-widget elementor-widget-heading\" data-id=\"229461c\" data-element_type=\"widget\" data-e-type=\"widget\" data-widget_type=\"heading.default\">\n\t\t\t\t<div class=\"elementor-widget-container\">\n\t\t\t\t\t<h2 class=\"elementor-heading-title elementor-size-default\"><a href=\"https:\/\/festivaldescubierto.com\/index.php\/programacion\/panorama-regional\/en-nosotras\/\">ver m\u00e1s<\/a><\/h2>\t\t\t\t<\/div>\n\t\t\t\t<\/div>\n\t\t\t\t<\/div>\n\t\t<div class=\"elementor-element elementor-element-09ae067 e-con-full e-flex e-con e-child\" data-id=\"09ae067\" data-element_type=\"container\" data-e-type=\"container\" data-settings=\"{&quot;background_background&quot;:&quot;classic&quot;}\">\n\t\t\t\t<div class=\"elementor-element elementor-element-19db75a elementor-widget elementor-widget-image\" data-id=\"19db75a\" data-element_type=\"widget\" data-e-type=\"widget\" data-widget_type=\"image.default\">\n\t\t\t\t<div class=\"elementor-widget-container\">\n\t\t\t\t\t\t\t\t\t\t\t\t\t\t\t<img decoding=\"async\" width=\"300\" height=\"78\" src=\"https:\/\/festivaldescubierto.com\/wp-content\/uploads\/2025\/01\/Corona-2-300x78.png\" class=\"attachment-medium size-medium wp-image-2425\" alt=\"\" srcset=\"https:\/\/festivaldescubierto.com\/wp-content\/uploads\/2025\/01\/Corona-2-300x78.png 300w, https:\/\/festivaldescubierto.com\/wp-content\/uploads\/2025\/01\/Corona-2-1024x267.png 1024w, https:\/\/festivaldescubierto.com\/wp-content\/uploads\/2025\/01\/Corona-2-768x200.png 768w, https:\/\/festivaldescubierto.com\/wp-content\/uploads\/2025\/01\/Corona-2-18x5.png 18w, https:\/\/festivaldescubierto.com\/wp-content\/uploads\/2025\/01\/Corona-2.png 1150w\" sizes=\"(max-width: 300px) 100vw, 300px\" \/>\t\t\t\t\t\t\t\t\t\t\t\t\t\t\t<\/div>\n\t\t\t\t<\/div>\n\t\t\t\t<div class=\"elementor-element elementor-element-c4741fa elementor-widget elementor-widget-heading\" data-id=\"c4741fa\" data-element_type=\"widget\" data-e-type=\"widget\" data-widget_type=\"heading.default\">\n\t\t\t\t<div class=\"elementor-widget-container\">\n\t\t\t\t\t<h2 class=\"elementor-heading-title elementor-size-default\">cortometraje<\/h2>\t\t\t\t<\/div>\n\t\t\t\t<\/div>\n\t\t\t\t<div class=\"elementor-element elementor-element-2ab4066 elementor-widget elementor-widget-heading\" data-id=\"2ab4066\" data-element_type=\"widget\" data-e-type=\"widget\" data-widget_type=\"heading.default\">\n\t\t\t\t<div class=\"elementor-widget-container\">\n\t\t\t\t\t<h2 class=\"elementor-heading-title elementor-size-default\">Corona<\/h2>\t\t\t\t<\/div>\n\t\t\t\t<\/div>\n\t\t\t\t<div class=\"elementor-element elementor-element-77f0400 elementor-widget elementor-widget-heading\" data-id=\"77f0400\" data-element_type=\"widget\" data-e-type=\"widget\" data-widget_type=\"heading.default\">\n\t\t\t\t<div class=\"elementor-widget-container\">\n\t\t\t\t\t<h2 class=\"elementor-heading-title elementor-size-default\"><a href=\"https:\/\/festivaldescubierto.com\/index.php\/programacion\/panorama-regional\/corona\/\">ver m\u00e1s<\/a><\/h2>\t\t\t\t<\/div>\n\t\t\t\t<\/div>\n\t\t\t\t<\/div>\n\t\t<div class=\"elementor-element elementor-element-cbc7792 e-con-full e-flex e-con e-child\" data-id=\"cbc7792\" data-element_type=\"container\" data-e-type=\"container\" data-settings=\"{&quot;background_background&quot;:&quot;classic&quot;}\">\n\t\t\t\t<div class=\"elementor-element elementor-element-097e63d elementor-widget elementor-widget-image\" data-id=\"097e63d\" data-element_type=\"widget\" data-e-type=\"widget\" data-widget_type=\"image.default\">\n\t\t\t\t<div class=\"elementor-widget-container\">\n\t\t\t\t\t\t\t\t\t\t\t\t\t\t\t<img decoding=\"async\" width=\"300\" height=\"78\" src=\"https:\/\/festivaldescubierto.com\/wp-content\/uploads\/2025\/01\/Cascadas-2-300x78.png\" class=\"attachment-medium size-medium wp-image-2419\" alt=\"\" srcset=\"https:\/\/festivaldescubierto.com\/wp-content\/uploads\/2025\/01\/Cascadas-2-300x78.png 300w, https:\/\/festivaldescubierto.com\/wp-content\/uploads\/2025\/01\/Cascadas-2-1024x267.png 1024w, https:\/\/festivaldescubierto.com\/wp-content\/uploads\/2025\/01\/Cascadas-2-768x200.png 768w, https:\/\/festivaldescubierto.com\/wp-content\/uploads\/2025\/01\/Cascadas-2-18x5.png 18w, https:\/\/festivaldescubierto.com\/wp-content\/uploads\/2025\/01\/Cascadas-2.png 1150w\" sizes=\"(max-width: 300px) 100vw, 300px\" \/>\t\t\t\t\t\t\t\t\t\t\t\t\t\t\t<\/div>\n\t\t\t\t<\/div>\n\t\t\t\t<div class=\"elementor-element elementor-element-ae92e2d elementor-widget elementor-widget-heading\" data-id=\"ae92e2d\" data-element_type=\"widget\" data-e-type=\"widget\" data-widget_type=\"heading.default\">\n\t\t\t\t<div class=\"elementor-widget-container\">\n\t\t\t\t\t<h2 class=\"elementor-heading-title elementor-size-default\">cortometraje<\/h2>\t\t\t\t<\/div>\n\t\t\t\t<\/div>\n\t\t\t\t<div class=\"elementor-element elementor-element-a1bfdc0 elementor-widget elementor-widget-heading\" data-id=\"a1bfdc0\" data-element_type=\"widget\" data-e-type=\"widget\" data-widget_type=\"heading.default\">\n\t\t\t\t<div class=\"elementor-widget-container\">\n\t\t\t\t\t<h2 class=\"elementor-heading-title elementor-size-default\">Cascadas<\/h2>\t\t\t\t<\/div>\n\t\t\t\t<\/div>\n\t\t\t\t<div class=\"elementor-element elementor-element-ee080fc elementor-widget elementor-widget-heading\" data-id=\"ee080fc\" data-element_type=\"widget\" data-e-type=\"widget\" data-widget_type=\"heading.default\">\n\t\t\t\t<div class=\"elementor-widget-container\">\n\t\t\t\t\t<h2 class=\"elementor-heading-title elementor-size-default\"><a href=\"https:\/\/festivaldescubierto.com\/index.php\/programacion\/panorama-regional\/cascadas\/\">ver m\u00e1s<\/a><\/h2>\t\t\t\t<\/div>\n\t\t\t\t<\/div>\n\t\t\t\t<\/div>\n\t\t<div class=\"elementor-element elementor-element-f99750b e-con-full e-flex e-con e-child\" data-id=\"f99750b\" data-element_type=\"container\" data-e-type=\"container\" data-settings=\"{&quot;background_background&quot;:&quot;classic&quot;}\">\n\t\t\t\t<div class=\"elementor-element elementor-element-60236da elementor-widget elementor-widget-image\" data-id=\"60236da\" data-element_type=\"widget\" data-e-type=\"widget\" data-widget_type=\"image.default\">\n\t\t\t\t<div class=\"elementor-widget-container\">\n\t\t\t\t\t\t\t\t\t\t\t\t\t\t\t<img loading=\"lazy\" decoding=\"async\" width=\"300\" height=\"78\" src=\"https:\/\/festivaldescubierto.com\/wp-content\/uploads\/2025\/01\/Grietas-1-300x78.png\" class=\"attachment-medium size-medium wp-image-2424\" alt=\"\" srcset=\"https:\/\/festivaldescubierto.com\/wp-content\/uploads\/2025\/01\/Grietas-1-300x78.png 300w, https:\/\/festivaldescubierto.com\/wp-content\/uploads\/2025\/01\/Grietas-1-1024x267.png 1024w, https:\/\/festivaldescubierto.com\/wp-content\/uploads\/2025\/01\/Grietas-1-768x200.png 768w, https:\/\/festivaldescubierto.com\/wp-content\/uploads\/2025\/01\/Grietas-1-18x5.png 18w, https:\/\/festivaldescubierto.com\/wp-content\/uploads\/2025\/01\/Grietas-1.png 1150w\" sizes=\"(max-width: 300px) 100vw, 300px\" \/>\t\t\t\t\t\t\t\t\t\t\t\t\t\t\t<\/div>\n\t\t\t\t<\/div>\n\t\t\t\t<div class=\"elementor-element elementor-element-a21d027 elementor-widget elementor-widget-heading\" data-id=\"a21d027\" data-element_type=\"widget\" data-e-type=\"widget\" data-widget_type=\"heading.default\">\n\t\t\t\t<div class=\"elementor-widget-container\">\n\t\t\t\t\t<h2 class=\"elementor-heading-title elementor-size-default\">cortometraje<\/h2>\t\t\t\t<\/div>\n\t\t\t\t<\/div>\n\t\t\t\t<div class=\"elementor-element elementor-element-c423860 elementor-widget elementor-widget-heading\" data-id=\"c423860\" data-element_type=\"widget\" data-e-type=\"widget\" data-widget_type=\"heading.default\">\n\t\t\t\t<div class=\"elementor-widget-container\">\n\t\t\t\t\t<h2 class=\"elementor-heading-title elementor-size-default\">Grietas<\/h2>\t\t\t\t<\/div>\n\t\t\t\t<\/div>\n\t\t\t\t<div class=\"elementor-element elementor-element-ab6ba99 elementor-widget elementor-widget-heading\" data-id=\"ab6ba99\" data-element_type=\"widget\" data-e-type=\"widget\" data-widget_type=\"heading.default\">\n\t\t\t\t<div class=\"elementor-widget-container\">\n\t\t\t\t\t<h2 class=\"elementor-heading-title elementor-size-default\"><a href=\"https:\/\/festivaldescubierto.com\/index.php\/programacion\/panorama-regional\/grietas\/\">ver m\u00e1s<\/a><\/h2>\t\t\t\t<\/div>\n\t\t\t\t<\/div>\n\t\t\t\t<\/div>\n\t\t\t\t\t<\/div>\n\t\t\t\t<\/div>\n\t\t<div class=\"elementor-element elementor-element-c20ee9b e-flex e-con-boxed e-con e-parent\" data-id=\"c20ee9b\" data-element_type=\"container\" data-e-type=\"container\" data-settings=\"{&quot;background_background&quot;:&quot;classic&quot;}\">\n\t\t\t\t\t<div class=\"e-con-inner\">\n\t\t<div class=\"elementor-element elementor-element-15b7c04 e-con-full e-flex e-con e-child\" data-id=\"15b7c04\" data-element_type=\"container\" data-e-type=\"container\" data-settings=\"{&quot;background_background&quot;:&quot;classic&quot;}\">\n\t\t\t\t<div class=\"elementor-element elementor-element-bc3d72d elementor-widget elementor-widget-image\" data-id=\"bc3d72d\" data-element_type=\"widget\" data-e-type=\"widget\" data-widget_type=\"image.default\">\n\t\t\t\t<div class=\"elementor-widget-container\">\n\t\t\t\t\t\t\t\t\t\t\t\t\t\t\t<img loading=\"lazy\" decoding=\"async\" width=\"300\" height=\"78\" src=\"https:\/\/festivaldescubierto.com\/wp-content\/uploads\/2025\/01\/La-molicie-1-300x78.png\" class=\"attachment-medium size-medium wp-image-2418\" alt=\"\" srcset=\"https:\/\/festivaldescubierto.com\/wp-content\/uploads\/2025\/01\/La-molicie-1-300x78.png 300w, https:\/\/festivaldescubierto.com\/wp-content\/uploads\/2025\/01\/La-molicie-1-1024x267.png 1024w, https:\/\/festivaldescubierto.com\/wp-content\/uploads\/2025\/01\/La-molicie-1-768x200.png 768w, https:\/\/festivaldescubierto.com\/wp-content\/uploads\/2025\/01\/La-molicie-1-18x5.png 18w, https:\/\/festivaldescubierto.com\/wp-content\/uploads\/2025\/01\/La-molicie-1.png 1150w\" sizes=\"(max-width: 300px) 100vw, 300px\" \/>\t\t\t\t\t\t\t\t\t\t\t\t\t\t\t<\/div>\n\t\t\t\t<\/div>\n\t\t\t\t<div class=\"elementor-element elementor-element-86d1545 elementor-widget elementor-widget-heading\" data-id=\"86d1545\" data-element_type=\"widget\" data-e-type=\"widget\" data-widget_type=\"heading.default\">\n\t\t\t\t<div class=\"elementor-widget-container\">\n\t\t\t\t\t<h2 class=\"elementor-heading-title elementor-size-default\">cortometraje<\/h2>\t\t\t\t<\/div>\n\t\t\t\t<\/div>\n\t\t\t\t<div class=\"elementor-element elementor-element-39ef640 elementor-widget elementor-widget-heading\" data-id=\"39ef640\" data-element_type=\"widget\" data-e-type=\"widget\" data-widget_type=\"heading.default\">\n\t\t\t\t<div class=\"elementor-widget-container\">\n\t\t\t\t\t<h2 class=\"elementor-heading-title elementor-size-default\">La molicie<\/h2>\t\t\t\t<\/div>\n\t\t\t\t<\/div>\n\t\t\t\t<div class=\"elementor-element elementor-element-dc499cc elementor-widget elementor-widget-heading\" data-id=\"dc499cc\" data-element_type=\"widget\" data-e-type=\"widget\" data-widget_type=\"heading.default\">\n\t\t\t\t<div class=\"elementor-widget-container\">\n\t\t\t\t\t<h2 class=\"elementor-heading-title elementor-size-default\"><a href=\"https:\/\/festivaldescubierto.com\/index.php\/programacion\/panorama-regional\/la-molicie\/\">ver m\u00e1s<\/a><\/h2>\t\t\t\t<\/div>\n\t\t\t\t<\/div>\n\t\t\t\t<\/div>\n\t\t<div class=\"elementor-element elementor-element-5f568e3 e-con-full e-flex e-con e-child\" data-id=\"5f568e3\" data-element_type=\"container\" data-e-type=\"container\" data-settings=\"{&quot;background_background&quot;:&quot;classic&quot;}\">\n\t\t\t\t<div class=\"elementor-element elementor-element-43702c5 elementor-widget elementor-widget-image\" data-id=\"43702c5\" data-element_type=\"widget\" data-e-type=\"widget\" data-widget_type=\"image.default\">\n\t\t\t\t<div class=\"elementor-widget-container\">\n\t\t\t\t\t\t\t\t\t\t\t\t\t\t\t<img loading=\"lazy\" decoding=\"async\" width=\"300\" height=\"78\" src=\"https:\/\/festivaldescubierto.com\/wp-content\/uploads\/2025\/01\/Memento-Mori-2-300x78.png\" class=\"attachment-medium size-medium wp-image-2421\" alt=\"\" srcset=\"https:\/\/festivaldescubierto.com\/wp-content\/uploads\/2025\/01\/Memento-Mori-2-300x78.png 300w, https:\/\/festivaldescubierto.com\/wp-content\/uploads\/2025\/01\/Memento-Mori-2-1024x267.png 1024w, https:\/\/festivaldescubierto.com\/wp-content\/uploads\/2025\/01\/Memento-Mori-2-768x200.png 768w, https:\/\/festivaldescubierto.com\/wp-content\/uploads\/2025\/01\/Memento-Mori-2-18x5.png 18w, https:\/\/festivaldescubierto.com\/wp-content\/uploads\/2025\/01\/Memento-Mori-2.png 1150w\" sizes=\"(max-width: 300px) 100vw, 300px\" \/>\t\t\t\t\t\t\t\t\t\t\t\t\t\t\t<\/div>\n\t\t\t\t<\/div>\n\t\t\t\t<div class=\"elementor-element elementor-element-b202ed5 elementor-widget elementor-widget-heading\" data-id=\"b202ed5\" data-element_type=\"widget\" data-e-type=\"widget\" data-widget_type=\"heading.default\">\n\t\t\t\t<div class=\"elementor-widget-container\">\n\t\t\t\t\t<h2 class=\"elementor-heading-title elementor-size-default\">cortometraje<\/h2>\t\t\t\t<\/div>\n\t\t\t\t<\/div>\n\t\t\t\t<div class=\"elementor-element elementor-element-ecacb43 elementor-widget elementor-widget-heading\" data-id=\"ecacb43\" data-element_type=\"widget\" data-e-type=\"widget\" data-widget_type=\"heading.default\">\n\t\t\t\t<div class=\"elementor-widget-container\">\n\t\t\t\t\t<h2 class=\"elementor-heading-title elementor-size-default\">Memento Mori<\/h2>\t\t\t\t<\/div>\n\t\t\t\t<\/div>\n\t\t\t\t<div class=\"elementor-element elementor-element-2ec06ee elementor-widget elementor-widget-heading\" data-id=\"2ec06ee\" data-element_type=\"widget\" data-e-type=\"widget\" data-widget_type=\"heading.default\">\n\t\t\t\t<div class=\"elementor-widget-container\">\n\t\t\t\t\t<h2 class=\"elementor-heading-title elementor-size-default\"><a href=\"https:\/\/festivaldescubierto.com\/index.php\/programacion\/panorama-regional\/memento-mori\/\">ver m\u00e1s<\/a><\/h2>\t\t\t\t<\/div>\n\t\t\t\t<\/div>\n\t\t\t\t<\/div>\n\t\t\t\t\t<\/div>\n\t\t\t\t<\/div>\n\t\t<div class=\"elementor-element elementor-element-c7e774d e-con-full e-flex e-con e-parent\" data-id=\"c7e774d\" data-element_type=\"container\" data-e-type=\"container\" data-settings=\"{&quot;background_background&quot;:&quot;classic&quot;}\">\n\t\t\t\t<\/div>\n\t\t\t\t<\/div>\n\t\t","protected":false},"excerpt":{"rendered":"<p>panorama regional Cortometrajes locales cortometraje En Nosotras ver m\u00e1s cortometraje Corona ver m\u00e1s cortometraje Cascadas ver m\u00e1s cortometraje Grietas ver [&hellip;]<\/p>\n","protected":false},"author":1,"featured_media":0,"parent":30,"menu_order":0,"comment_status":"closed","ping_status":"closed","template":"","meta":{"site-sidebar-layout":"default","site-content-layout":"","ast-site-content-layout":"","site-content-style":"default","site-sidebar-style":"default","ast-global-header-display":"","ast-banner-title-visibility":"","ast-main-header-display":"","ast-hfb-above-header-display":"","ast-hfb-below-header-display":"","ast-hfb-mobile-header-display":"","site-post-title":"","ast-breadcrumbs-content":"","ast-featured-img":"","footer-sml-layout":"","theme-transparent-header-meta":"","adv-header-id-meta":"","stick-header-meta":"","header-above-stick-meta":"","header-main-stick-meta":"","header-below-stick-meta":"","astra-migrate-meta-layouts":"default","ast-page-background-enabled":"default","ast-page-background-meta":{"desktop":{"background-color":"var(--ast-global-color-4)","background-image":"","background-repeat":"repeat","background-position":"center center","background-size":"auto","background-attachment":"scroll","background-type":"","background-media":"","overlay-type":"","overlay-color":"","overlay-gradient":""},"tablet":{"background-color":"","background-image":"","background-repeat":"repeat","background-position":"center center","background-size":"auto","background-attachment":"scroll","background-type":"","background-media":"","overlay-type":"","overlay-color":"","overlay-gradient":""},"mobile":{"background-color":"","background-image":"","background-repeat":"repeat","background-position":"center center","background-size":"auto","background-attachment":"scroll","background-type":"","background-media":"","overlay-type":"","overlay-color":"","overlay-gradient":""}},"ast-content-background-meta":{"desktop":{"background-color":"var(--ast-global-color-5)","background-image":"","background-repeat":"repeat","background-position":"center center","background-size":"auto","background-attachment":"scroll","background-type":"","background-media":"","overlay-type":"","overlay-color":"","overlay-gradient":""},"tablet":{"background-color":"var(--ast-global-color-5)","background-image":"","background-repeat":"repeat","background-position":"center center","background-size":"auto","background-attachment":"scroll","background-type":"","background-media":"","overlay-type":"","overlay-color":"","overlay-gradient":""},"mobile":{"background-color":"var(--ast-global-color-5)","background-image":"","background-repeat":"repeat","background-position":"center center","background-size":"auto","background-attachment":"scroll","background-type":"","background-media":"","overlay-type":"","overlay-color":"","overlay-gradient":""}},"footnotes":""},"class_list":["post-1171","page","type-page","status-publish","hentry"],"_links":{"self":[{"href":"https:\/\/festivaldescubierto.com\/index.php\/wp-json\/wp\/v2\/pages\/1171","targetHints":{"allow":["GET"]}}],"collection":[{"href":"https:\/\/festivaldescubierto.com\/index.php\/wp-json\/wp\/v2\/pages"}],"about":[{"href":"https:\/\/festivaldescubierto.com\/index.php\/wp-json\/wp\/v2\/types\/page"}],"author":[{"embeddable":true,"href":"https:\/\/festivaldescubierto.com\/index.php\/wp-json\/wp\/v2\/users\/1"}],"replies":[{"embeddable":true,"href":"https:\/\/festivaldescubierto.com\/index.php\/wp-json\/wp\/v2\/comments?post=1171"}],"version-history":[{"count":25,"href":"https:\/\/festivaldescubierto.com\/index.php\/wp-json\/wp\/v2\/pages\/1171\/revisions"}],"predecessor-version":[{"id":2467,"href":"https:\/\/festivaldescubierto.com\/index.php\/wp-json\/wp\/v2\/pages\/1171\/revisions\/2467"}],"up":[{"embeddable":true,"href":"https:\/\/festivaldescubierto.com\/index.php\/wp-json\/wp\/v2\/pages\/30"}],"wp:attachment":[{"href":"https:\/\/festivaldescubierto.com\/index.php\/wp-json\/wp\/v2\/media?parent=1171"}],"curies":[{"name":"wp","href":"https:\/\/api.w.org\/{rel}","templated":true}]}}